{"id":130,"date":"2026-02-12T23:33:06","date_gmt":"2026-02-12T22:33:06","guid":{"rendered":"https:\/\/sps.se\/?page_id=130"},"modified":"2026-02-13T22:48:09","modified_gmt":"2026-02-13T21:48:09","slug":"board-members","status":"publish","type":"page","link":"https:\/\/sps.se\/sv\/board-members\/","title":{"rendered":"Board members"},"content":{"rendered":"\n<div class=\"wp-block-group alignfull is-style-ext-preset--group--natural-1--section has-background-background-color has-background has-global-padding is-layout-constrained wp-block-group-is-layout-constrained\" id=\"om\" style=\"margin-top:0;margin-bottom:0;padding-top:var(--wp--preset--spacing--70);padding-bottom:var(--wp--preset--spacing--70)\">\n<div class=\"wp-block-group alignwide is-vertical is-content-justification-center is-layout-flex wp-container-core-group-is-layout-c9ee0c5a wp-block-group-is-layout-flex\">\n<div class=\"wp-block-group has-global-padding is-layout-constrained wp-container-core-group-is-layout-2287c683 wp-block-group-is-layout-constrained\">\n<h2 class=\"wp-block-heading has-text-align-center\">Meet the SPS Board<\/h2>\n\n\n\n<p class=\"has-text-align-center\">The SPS board is a volunteer-led team that advances Swedish proteomics by supporting community activities, building collaborations, and strengthening national and international networks.<\/p>\n<\/div>\n<\/div>\n<\/div>\n\n\n\n<div class=\"wp-block-group alignfull is-style-ext-preset--group--natural-1--section has-tertiary-background-color has-background has-global-padding is-layout-constrained wp-container-core-group-is-layout-e955bbaf wp-block-group-is-layout-constrained\" id=\"team\" style=\"margin-top:0;margin-bottom:0;padding-top:var(--wp--preset--spacing--70);padding-bottom:var(--wp--preset--spacing--70)\">\n<div class=\"wp-block-group alignwide is-vertical is-content-justification-center is-layout-flex wp-container-core-group-is-layout-c9ee0c5a wp-block-group-is-layout-flex\">\n<div class=\"wp-block-group has-global-padding is-layout-constrained wp-container-core-group-is-layout-2287c683 wp-block-group-is-layout-constrained\">\n<h2 class=\"wp-block-heading has-text-align-center\">Committee members<\/h2>\n<\/div>\n<\/div>\n\n\n\n<div class=\"wp-block-columns alignwide is-layout-flex wp-container-core-columns-is-layout-08c01c1c wp-block-columns-is-layout-flex\">\n<div class=\"wp-block-column is-vertically-aligned-stretch is-layout-flow wp-block-column-is-layout-flow\">\n<div class=\"wp-block-group is-style-ext-preset--group--natural-1--item-card-1--align-center has-global-padding is-layout-constrained wp-block-group-is-layout-constrained is-style-ext-preset--group--natural-1--item-card-1--align-center--3\">\n<figure class=\"wp-block-image size-full\"><img loading=\"lazy\" decoding=\"async\" width=\"1080\" height=\"1620\" src=\"https:\/\/sps.se\/wp-content\/uploads\/2026\/02\/image-12.jpg\" alt=\"\" class=\"wp-image-164\" style=\"aspect-ratio:1;object-fit:cover\" srcset=\"https:\/\/sps.se\/wp-content\/uploads\/2026\/02\/image-12.jpg 1080w, https:\/\/sps.se\/wp-content\/uploads\/2026\/02\/image-12-200x300.jpg 200w, https:\/\/sps.se\/wp-content\/uploads\/2026\/02\/image-12-683x1024.jpg 683w, https:\/\/sps.se\/wp-content\/uploads\/2026\/02\/image-12-768x1152.jpg 768w, https:\/\/sps.se\/wp-content\/uploads\/2026\/02\/image-12-1024x1536.jpg 1024w, https:\/\/sps.se\/wp-content\/uploads\/2026\/02\/image-12-8x12.jpg 8w\" sizes=\"auto, (max-width: 1080px) 100vw, 1080px\" \/><\/figure>\n\n\n\n<div class=\"wp-block-group is-style-default has-global-padding is-layout-constrained wp-block-group-is-layout-constrained\">\n<h2 class=\"wp-block-heading\" style=\"font-size:clamp(14px, 0.875rem + ((1vw - 3.2px) * 0.625), 20px);\">Andr\u00e9 Mateus<\/h2>\n\n\n\n<p style=\"margin-top:0;margin-bottom:0;font-size:clamp(14px, 0.875rem + ((1vw - 3.2px) * 0.417), 18px);\">President<\/p>\n\n\n\n<p>Ume\u00e5 University, Ume\u00e5<br>andre.mateus [at] umu.se<\/p>\n<\/div>\n<\/div>\n<\/div>\n\n\n\n<div class=\"wp-block-column is-vertically-aligned-stretch is-layout-flow wp-block-column-is-layout-flow\">\n<div class=\"wp-block-group is-style-ext-preset--group--natural-1--item-card-1--align-center has-global-padding is-layout-constrained wp-block-group-is-layout-constrained is-style-ext-preset--group--natural-1--item-card-1--align-center--4\">\n<figure class=\"wp-block-image\"><img loading=\"lazy\" decoding=\"async\" width=\"1080\" height=\"720\" src=\"https:\/\/sps.se\/wp-content\/uploads\/2026\/02\/image-2.jpg\" alt=\"\" class=\"wp-image-147\" style=\"aspect-ratio:1;object-fit:cover\" srcset=\"https:\/\/sps.se\/wp-content\/uploads\/2026\/02\/image-2.jpg 1080w, https:\/\/sps.se\/wp-content\/uploads\/2026\/02\/image-2-300x200.jpg 300w, https:\/\/sps.se\/wp-content\/uploads\/2026\/02\/image-2-1024x683.jpg 1024w, https:\/\/sps.se\/wp-content\/uploads\/2026\/02\/image-2-768x512.jpg 768w, https:\/\/sps.se\/wp-content\/uploads\/2026\/02\/image-2-18x12.jpg 18w\" sizes=\"auto, (max-width: 1080px) 100vw, 1080px\" \/><\/figure>\n\n\n\n<div class=\"wp-block-group is-style-default has-global-padding is-layout-constrained wp-block-group-is-layout-constrained\">\n<h3 class=\"wp-block-heading\" style=\"font-size:clamp(14px, 0.875rem + ((1vw - 3.2px) * 0.625), 20px);\">Fredrik Edfors<\/h3>\n\n\n\n<p style=\"margin-top:0;margin-bottom:0;font-size:clamp(14px, 0.875rem + ((1vw - 3.2px) * 0.417), 18px);\"><\/p>\n\n\n\n<p>SciLifeLab, KTH, Stockholm<br>fredrik.edfors [at] scilifelab.se<\/p>\n<\/div>\n<\/div>\n<\/div>\n\n\n\n<div class=\"wp-block-column is-vertically-aligned-stretch is-layout-flow wp-block-column-is-layout-flow\">\n<div class=\"wp-block-group is-style-ext-preset--group--natural-1--item-card-1--align-center has-global-padding is-layout-constrained wp-block-group-is-layout-constrained is-style-ext-preset--group--natural-1--item-card-1--align-center--5\">\n<figure class=\"wp-block-image\"><img loading=\"lazy\" decoding=\"async\" width=\"1080\" height=\"1131\" src=\"https:\/\/sps.se\/wp-content\/uploads\/2026\/02\/image-3.jpg\" alt=\"\" class=\"wp-image-148\" style=\"aspect-ratio:1;object-fit:cover\" srcset=\"https:\/\/sps.se\/wp-content\/uploads\/2026\/02\/image-3.jpg 1080w, https:\/\/sps.se\/wp-content\/uploads\/2026\/02\/image-3-286x300.jpg 286w, https:\/\/sps.se\/wp-content\/uploads\/2026\/02\/image-3-978x1024.jpg 978w, https:\/\/sps.se\/wp-content\/uploads\/2026\/02\/image-3-768x804.jpg 768w, https:\/\/sps.se\/wp-content\/uploads\/2026\/02\/image-3-11x12.jpg 11w\" sizes=\"auto, (max-width: 1080px) 100vw, 1080px\" \/><\/figure>\n\n\n\n<div class=\"wp-block-group is-style-default has-global-padding is-layout-constrained wp-block-group-is-layout-constrained\">\n<h3 class=\"wp-block-heading\" style=\"font-size:clamp(14px, 0.875rem + ((1vw - 3.2px) * 0.625), 20px);\">Ann Brinkmalm<\/h3>\n\n\n\n<p style=\"margin-top:0;margin-bottom:0;font-size:clamp(14px, 0.875rem + ((1vw - 3.2px) * 0.417), 18px);\"><\/p>\n\n\n\n<p>University of Gothenburg, Gothenburg<br>ann.brinkmalm [at] neuro.gu.se<\/p>\n<\/div>\n<\/div>\n<\/div>\n<\/div>\n<\/div>\n\n\n\n<div class=\"wp-block-group alignfull is-style-ext-preset--group--natural-1--section has-tertiary-background-color has-background has-global-padding is-layout-constrained wp-container-core-group-is-layout-e955bbaf wp-block-group-is-layout-constrained\" id=\"team\" style=\"margin-top:0;margin-bottom:0;padding-top:var(--wp--preset--spacing--70);padding-bottom:var(--wp--preset--spacing--70)\">\n<div class=\"wp-block-columns alignwide is-layout-flex wp-container-core-columns-is-layout-08c01c1c wp-block-columns-is-layout-flex\">\n<div class=\"wp-block-column is-vertically-aligned-stretch is-layout-flow wp-block-column-is-layout-flow\">\n<div class=\"wp-block-group is-style-ext-preset--group--natural-1--item-card-1--align-center has-global-padding is-layout-constrained wp-block-group-is-layout-constrained is-style-ext-preset--group--natural-1--item-card-1--align-center--7\">\n<figure class=\"wp-block-image\"><img loading=\"lazy\" decoding=\"async\" width=\"1080\" height=\"1620\" src=\"https:\/\/sps.se\/wp-content\/uploads\/2026\/02\/image.jpg\" alt=\"\" class=\"wp-image-145\" style=\"aspect-ratio:1;object-fit:cover\" srcset=\"https:\/\/sps.se\/wp-content\/uploads\/2026\/02\/image.jpg 1080w, https:\/\/sps.se\/wp-content\/uploads\/2026\/02\/image-200x300.jpg 200w, https:\/\/sps.se\/wp-content\/uploads\/2026\/02\/image-683x1024.jpg 683w, https:\/\/sps.se\/wp-content\/uploads\/2026\/02\/image-768x1152.jpg 768w, https:\/\/sps.se\/wp-content\/uploads\/2026\/02\/image-1024x1536.jpg 1024w, https:\/\/sps.se\/wp-content\/uploads\/2026\/02\/image-8x12.jpg 8w\" sizes=\"auto, (max-width: 1080px) 100vw, 1080px\" \/><\/figure>\n\n\n\n<div class=\"wp-block-group is-style-default has-global-padding is-layout-constrained wp-block-group-is-layout-constrained\">\n<h3 class=\"wp-block-heading\" style=\"font-size:clamp(14px, 0.875rem + ((1vw - 3.2px) * 0.625), 20px);\">Andreas Hober<\/h3>\n\n\n\n<p style=\"margin-top:0;margin-bottom:0;font-size:clamp(14px, 0.875rem + ((1vw - 3.2px) * 0.417), 18px);\"><\/p>\n\n\n\n<p>Karolinska Institutet<br>andreas.hober [at] ki.se<\/p>\n<\/div>\n<\/div>\n<\/div>\n\n\n\n<div class=\"wp-block-column is-vertically-aligned-stretch is-layout-flow wp-block-column-is-layout-flow\">\n<div class=\"wp-block-group is-style-ext-preset--group--natural-1--item-card-1--align-center has-global-padding is-layout-constrained wp-block-group-is-layout-constrained is-style-ext-preset--group--natural-1--item-card-1--align-center--8\">\n<div class=\"wp-block-group is-style-default has-global-padding is-layout-constrained wp-block-group-is-layout-constrained\">\n<figure class=\"wp-block-image\"><img loading=\"lazy\" decoding=\"async\" width=\"1080\" height=\"1080\" src=\"https:\/\/sps.se\/wp-content\/uploads\/2026\/02\/image-1.jpg\" alt=\"\" class=\"wp-image-146\" style=\"aspect-ratio:1;object-fit:cover\" srcset=\"https:\/\/sps.se\/wp-content\/uploads\/2026\/02\/image-1.jpg 1080w, https:\/\/sps.se\/wp-content\/uploads\/2026\/02\/image-1-300x300.jpg 300w, https:\/\/sps.se\/wp-content\/uploads\/2026\/02\/image-1-1024x1024.jpg 1024w, https:\/\/sps.se\/wp-content\/uploads\/2026\/02\/image-1-150x150.jpg 150w, https:\/\/sps.se\/wp-content\/uploads\/2026\/02\/image-1-768x768.jpg 768w, https:\/\/sps.se\/wp-content\/uploads\/2026\/02\/image-1-12x12.jpg 12w\" sizes=\"auto, (max-width: 1080px) 100vw, 1080px\" \/><\/figure>\n\n\n\n<p style=\"font-size:clamp(14px, 0.875rem + ((1vw - 3.2px) * 0.625), 20px);\">Gy\u00f6rgy Marko-Varga<\/p>\n\n\n\n<p style=\"margin-top:0;margin-bottom:0;font-size:clamp(14px, 0.875rem + ((1vw - 3.2px) * 0.417), 18px);\"><\/p>\n\n\n\n<p>Lund University, Lund<br>gyorgy.marko-varga [at] elmat.lth.se<\/p>\n<\/div>\n<\/div>\n<\/div>\n\n\n\n<div class=\"wp-block-column is-vertically-aligned-stretch is-layout-flow wp-block-column-is-layout-flow\">\n<div class=\"wp-block-group is-style-ext-preset--group--natural-1--item-card-1--align-center has-global-padding is-layout-constrained wp-block-group-is-layout-constrained is-style-ext-preset--group--natural-1--item-card-1--align-center--9\">\n<figure class=\"wp-block-image\"><img loading=\"lazy\" decoding=\"async\" width=\"1280\" height=\"1920\" src=\"https:\/\/sps.se\/wp-content\/uploads\/2026\/02\/ad4a7a9e98786fd01a32e2bb82ad02c6c0f18f7a.jpg\" alt=\"\" class=\"wp-image-133\" style=\"aspect-ratio:1;object-fit:cover\" srcset=\"https:\/\/sps.se\/wp-content\/uploads\/2026\/02\/ad4a7a9e98786fd01a32e2bb82ad02c6c0f18f7a.jpg 1280w, https:\/\/sps.se\/wp-content\/uploads\/2026\/02\/ad4a7a9e98786fd01a32e2bb82ad02c6c0f18f7a-200x300.jpg 200w, https:\/\/sps.se\/wp-content\/uploads\/2026\/02\/ad4a7a9e98786fd01a32e2bb82ad02c6c0f18f7a-683x1024.jpg 683w, https:\/\/sps.se\/wp-content\/uploads\/2026\/02\/ad4a7a9e98786fd01a32e2bb82ad02c6c0f18f7a-768x1152.jpg 768w, https:\/\/sps.se\/wp-content\/uploads\/2026\/02\/ad4a7a9e98786fd01a32e2bb82ad02c6c0f18f7a-1024x1536.jpg 1024w, https:\/\/sps.se\/wp-content\/uploads\/2026\/02\/ad4a7a9e98786fd01a32e2bb82ad02c6c0f18f7a-8x12.jpg 8w\" sizes=\"auto, (max-width: 1280px) 100vw, 1280px\" \/><\/figure>\n\n\n\n<div class=\"wp-block-group is-style-default has-global-padding is-layout-constrained wp-block-group-is-layout-constrained\">\n<h3 class=\"wp-block-heading\" style=\"font-size:clamp(14px, 0.875rem + ((1vw - 3.2px) * 0.625), 20px);\">Florian Rosenberger<\/h3>\n\n\n\n<p style=\"margin-top:0;margin-bottom:0;font-size:clamp(14px, 0.875rem + ((1vw - 3.2px) * 0.417), 18px);\"><\/p>\n\n\n\n<p>Karolinska Institutet<br>florian.rosenberger [at] ki.se<\/p>\n<\/div>\n<\/div>\n<\/div>\n<\/div>\n<\/div>\n\n\n\n<div class=\"wp-block-group alignfull is-style-ext-preset--group--natural-1--section has-tertiary-background-color has-background has-global-padding is-layout-constrained wp-container-core-group-is-layout-e955bbaf wp-block-group-is-layout-constrained\" id=\"team\" style=\"margin-top:0;margin-bottom:0;padding-top:var(--wp--preset--spacing--70);padding-bottom:var(--wp--preset--spacing--70)\">\n<div class=\"wp-block-columns alignwide is-layout-flex wp-container-core-columns-is-layout-08c01c1c wp-block-columns-is-layout-flex\">\n<div class=\"wp-block-column is-vertically-aligned-stretch is-layout-flow wp-block-column-is-layout-flow\">\n<div class=\"wp-block-group is-style-ext-preset--group--natural-1--item-card-1--align-center has-global-padding is-layout-constrained wp-block-group-is-layout-constrained is-style-ext-preset--group--natural-1--item-card-1--align-center--11\">\n<figure class=\"wp-block-image\"><img loading=\"lazy\" decoding=\"async\" width=\"1080\" height=\"1080\" src=\"https:\/\/sps.se\/wp-content\/uploads\/2026\/02\/image-4.jpg\" alt=\"\" class=\"wp-image-149\" style=\"aspect-ratio:1;object-fit:cover\" srcset=\"https:\/\/sps.se\/wp-content\/uploads\/2026\/02\/image-4.jpg 1080w, https:\/\/sps.se\/wp-content\/uploads\/2026\/02\/image-4-300x300.jpg 300w, https:\/\/sps.se\/wp-content\/uploads\/2026\/02\/image-4-1024x1024.jpg 1024w, https:\/\/sps.se\/wp-content\/uploads\/2026\/02\/image-4-150x150.jpg 150w, https:\/\/sps.se\/wp-content\/uploads\/2026\/02\/image-4-768x768.jpg 768w, https:\/\/sps.se\/wp-content\/uploads\/2026\/02\/image-4-12x12.jpg 12w\" sizes=\"auto, (max-width: 1080px) 100vw, 1080px\" \/><\/figure>\n\n\n\n<div class=\"wp-block-group is-style-default has-global-padding is-layout-constrained wp-block-group-is-layout-constrained\">\n<h3 class=\"wp-block-heading\" style=\"font-size:clamp(14px, 0.875rem + ((1vw - 3.2px) * 0.625), 20px);\">Lotta Happonen<\/h3>\n\n\n\n<p style=\"margin-top:0;margin-bottom:0;font-size:clamp(14px, 0.875rem + ((1vw - 3.2px) * 0.417), 18px);\"><\/p>\n\n\n\n<p>Lund University<br>lotta.happonen [at] med.lu.se<\/p>\n<\/div>\n<\/div>\n<\/div>\n\n\n\n<div class=\"wp-block-column is-vertically-aligned-stretch is-layout-flow wp-block-column-is-layout-flow\">\n<div class=\"wp-block-group is-style-ext-preset--group--natural-1--item-card-1--align-center has-global-padding is-layout-constrained wp-block-group-is-layout-constrained is-style-ext-preset--group--natural-1--item-card-1--align-center--12\">\n<figure class=\"wp-block-image\"><img loading=\"lazy\" decoding=\"async\" width=\"1080\" height=\"703\" src=\"https:\/\/sps.se\/wp-content\/uploads\/2026\/02\/image-5.jpg\" alt=\"\" class=\"wp-image-150\" style=\"aspect-ratio:1;object-fit:cover\" srcset=\"https:\/\/sps.se\/wp-content\/uploads\/2026\/02\/image-5.jpg 1080w, https:\/\/sps.se\/wp-content\/uploads\/2026\/02\/image-5-300x195.jpg 300w, https:\/\/sps.se\/wp-content\/uploads\/2026\/02\/image-5-1024x667.jpg 1024w, https:\/\/sps.se\/wp-content\/uploads\/2026\/02\/image-5-768x500.jpg 768w, https:\/\/sps.se\/wp-content\/uploads\/2026\/02\/image-5-18x12.jpg 18w\" sizes=\"auto, (max-width: 1080px) 100vw, 1080px\" \/><\/figure>\n\n\n\n<div class=\"wp-block-group is-style-default has-global-padding is-layout-constrained wp-block-group-is-layout-constrained\">\n<h3 class=\"wp-block-heading\" style=\"font-size:clamp(14px, 0.875rem + ((1vw - 3.2px) * 0.625), 20px);\">Ilaria Piazza<\/h3>\n\n\n\n<p style=\"margin-top:0;margin-bottom:0;font-size:clamp(14px, 0.875rem + ((1vw - 3.2px) * 0.417), 18px);\"><\/p>\n\n\n\n<p>SciLifeLab, Stockholm University<br>ilaria.piazza [at] scilifeLab.se<\/p>\n<\/div>\n<\/div>\n<\/div>\n<\/div>\n<\/div>\n","protected":false},"excerpt":{"rendered":"<p>Meet the SPS Board The SPS board is a volunteer-led team that advances Swedish proteomics by supporting community activities, building collaborations, and strengthening national and international networks. Committee members Andr\u00e9 Mateus President Ume\u00e5 University, Ume\u00e5andre.mateus [at] umu.se Fredrik Edfors SciLifeLab, KTH, Stockholmfredrik.edfors [at] scilifelab.se Ann Brinkmalm University of Gothenburg, Gothenburgann.brinkmalm [at] neuro.gu.se Andreas Hober Karolinska [&hellip;]<\/p>\n","protected":false},"author":1,"featured_media":0,"parent":0,"menu_order":0,"comment_status":"closed","ping_status":"closed","template":"page-with-title","meta":{"_monsterinsights_skip_tracking":false,"_monsterinsights_sitenote_active":false,"_monsterinsights_sitenote_note":"","_monsterinsights_sitenote_category":0,"footnotes":""},"class_list":["post-130","page","type-page","status-publish","hentry"],"aioseo_notices":[],"_links":{"self":[{"href":"https:\/\/sps.se\/sv\/wp-json\/wp\/v2\/pages\/130","targetHints":{"allow":["GET"]}}],"collection":[{"href":"https:\/\/sps.se\/sv\/wp-json\/wp\/v2\/pages"}],"about":[{"href":"https:\/\/sps.se\/sv\/wp-json\/wp\/v2\/types\/page"}],"author":[{"embeddable":true,"href":"https:\/\/sps.se\/sv\/wp-json\/wp\/v2\/users\/1"}],"replies":[{"embeddable":true,"href":"https:\/\/sps.se\/sv\/wp-json\/wp\/v2\/comments?post=130"}],"version-history":[{"count":6,"href":"https:\/\/sps.se\/sv\/wp-json\/wp\/v2\/pages\/130\/revisions"}],"predecessor-version":[{"id":169,"href":"https:\/\/sps.se\/sv\/wp-json\/wp\/v2\/pages\/130\/revisions\/169"}],"wp:attachment":[{"href":"https:\/\/sps.se\/sv\/wp-json\/wp\/v2\/media?parent=130"}],"curies":[{"name":"wp","href":"https:\/\/api.w.org\/{rel}","templated":true}]}}